

{"id":33,"date":"2023-02-27T08:13:23","date_gmt":"2023-02-27T07:13:23","guid":{"rendered":"https:\/\/www.adlerkompressoren.at\/wp\/?page_id=33"},"modified":"2026-04-28T09:32:10","modified_gmt":"2026-04-28T07:32:10","slug":"kontakt-kompressoren-adler-kompressoren-gmbh","status":"publish","type":"page","link":"https:\/\/www.adlerkompressoren.at\/?page_id=33","title":{"rendered":"Kontakt"},"content":{"rendered":"\n<div class=\"wp-block-cover alignfull is-light\" style=\"min-height:75vh;aspect-ratio:unset;\"><span aria-hidden=\"true\" class=\"wp-block-cover__background has-background-dim-10 has-background-dim\"><\/span><img loading=\"lazy\" decoding=\"async\" width=\"2560\" height=\"1050\" class=\"wp-block-cover__image-background wp-image-918\" alt=\"\" src=\"https:\/\/www.adlerkompressoren.at\/wp-content\/uploads\/2023\/03\/kundendienst.jpg\" style=\"object-position:24% 49%\" data-object-fit=\"cover\" data-object-position=\"24% 49%\" srcset=\"https:\/\/www.adlerkompressoren.at\/wp-content\/uploads\/2023\/03\/kundendienst.jpg 2560w, https:\/\/www.adlerkompressoren.at\/wp-content\/uploads\/2023\/03\/kundendienst-300x123.jpg 300w, https:\/\/www.adlerkompressoren.at\/wp-content\/uploads\/2023\/03\/kundendienst-1024x420.jpg 1024w, https:\/\/www.adlerkompressoren.at\/wp-content\/uploads\/2023\/03\/kundendienst-768x315.jpg 768w, https:\/\/www.adlerkompressoren.at\/wp-content\/uploads\/2023\/03\/kundendienst-1536x630.jpg 1536w, https:\/\/www.adlerkompressoren.at\/wp-content\/uploads\/2023\/03\/kundendienst-2048x840.jpg 2048w, https:\/\/www.adlerkompressoren.at\/wp-content\/uploads\/2023\/03\/kundendienst-1600x656.jpg 1600w\" sizes=\"auto, (max-width: 2560px) 100vw, 2560px\" \/><div class=\"wp-block-cover__inner-container is-layout-flow wp-block-cover-is-layout-flow\">\n<p class=\"has-text-align-center has-large-font-size\"><\/p>\n<\/div><\/div>\n\n\n\n<div class=\"inherit-container-width wp-block-group alignfull has-ast-global-color-5-background-color has-background is-layout-constrained wp-block-group-is-layout-constrained\">\n<div class=\"wp-block-columns is-layout-flex wp-container-core-columns-is-layout-28f84493 wp-block-columns-is-layout-flex\">\n<div class=\"wp-block-column is-layout-flow wp-block-column-is-layout-flow\">\n<h2 class=\"wp-block-heading\">Den ersten Kontakt vergisst man nie<\/h2>\n\n\n\n<p>Sie haben Fragen oder Anregungen zu unserem Angebot? Sie m\u00f6chten uns Feedback geben? Dann sind Sie hier richtig! Wir freuen uns \u00fcber Ihre Nachricht und werden uns so schnell wie m\u00f6glich bei Ihnen melden.<\/p>\n\n\n\n<p><strong>Adler Kompressoren GmbH<\/strong><br>Betriebspark 12<br>A-4451&nbsp;St.Ulrich&nbsp;\/ Steyr<\/p>\n\n\n\n<p><a href=\"tel: +43725247086\">Tel: +43(0)7252 47086<\/a><br><a href=\"fax: +4372524708689\">Fax: +43(0)7252 4708689<\/a><br><a href=\"tel:+436642791291\">Hotline: +43(0)664\/2791291&nbsp;<\/a><br><a href=\"mailto:office@adlerkompressoren.at\">office@adlerkompressoren.at<\/a><\/p>\n\n\n\n<div class=\"wp-block-buttons is-layout-flex wp-block-buttons-is-layout-flex\">\n<div class=\"wp-block-button\"><a class=\"wp-block-button__link wp-element-button\" href=\"https:\/\/goo.gl\/maps\/9MbTMYarywyVq6Hm9\" target=\"_blank\" rel=\"noreferrer noopener\">Navigiere mit Google Maps<\/a><\/div>\n<\/div>\n\n\n\n<p class=\"has-small-font-size\">Externer Link &#8211; Sie werden an ihre Google Maps Anwendung weitergeleitet<\/p>\n<\/div>\n\n\n\n<div class=\"wp-block-column is-layout-flow wp-block-column-is-layout-flow\"><link rel='stylesheet' id='osm-ol3-css-css' href='https:\/\/www.adlerkompressoren.at\/wp-content\/plugins\/osm\/js\/OL\/10.9.0\/ol.css?ver=6.9.4' media='all' \/>\n<link rel='stylesheet' id='osm-ol3-ext-css-css' href='https:\/\/www.adlerkompressoren.at\/wp-content\/plugins\/osm\/css\/osm_map_v3.css?ver=6.9.4' media='all' \/>\n<link rel='stylesheet' id='osm-map-css-css' href='https:\/\/www.adlerkompressoren.at\/wp-content\/plugins\/osm\/css\/osm_map.css?ver=6.9.4' media='all' \/>\n<script src=\"https:\/\/www.adlerkompressoren.at\/wp-includes\/js\/dist\/vendor\/wp-polyfill.min.js?ver=3.15.0\" id=\"wp-polyfill-js\"><\/script>\n<script src=\"https:\/\/www.adlerkompressoren.at\/wp-content\/plugins\/osm\/js\/OL\/10.9.0\/ol.js?ver=10.9.0\" id=\"osm-ol3-library-js\"><\/script>\n<script src=\"https:\/\/www.adlerkompressoren.at\/wp-content\/plugins\/osm\/js\/osm-v3-plugin-lib.js?ver=1.0.0\" id=\"osm-ol3-ext-library-js\"><\/script>\n<script src=\"https:\/\/www.adlerkompressoren.at\/wp-content\/plugins\/osm\/js\/osm-metabox-events.js?ver=1.0.0\" id=\"osm-ol3-metabox-events-js\"><\/script>\n<script src=\"https:\/\/www.adlerkompressoren.at\/wp-includes\/js\/jquery\/jquery.min.js?ver=3.7.1\" id=\"jquery-core-js\"><\/script>\n<script src=\"https:\/\/www.adlerkompressoren.at\/wp-includes\/js\/jquery\/jquery-migrate.min.js?ver=3.4.1\" id=\"jquery-migrate-js\"><\/script>\n<script id=\"osm-map-startup-js-extra\">\nvar translations = {\"openlayer\":\"open layer\",\"openlayerAtStartup\":\"open layer at startup\",\"generateLink\":\"link to this map with opened layers\",\"shortDescription\":\"short description\",\"generatedShortCode\":\"to get a text control link paste this code in your wordpress editor\",\"closeLayer\":\"close layer\",\"cantGenerateLink\":\"put this string in the existing map short code to control this map\"};\n\/\/# sourceURL=osm-map-startup-js-extra\n<\/script>\n<script src=\"https:\/\/www.adlerkompressoren.at\/wp-content\/plugins\/osm\/js\/osm-startup-lib.js?ver=V6.2.5\" id=\"osm-map-startup-js\"><\/script>\n\n        <div id=\"map_ol3js_1\"\n       class=\"osm-map-container undefined\"\n             data-map_name=\"undefined\"\n             data-map=\"map_ol3js_1\"\n             data-autoshow=\"no\"\n             style=\"width:95%;\n                    max-width:100%;\n                    height:600px;\n                    display:block;\n                    overflow:hidden;\n                    border:2px solid grey;\n                    position: relative;\">\n          <div id=\"map_ol3js_1_popup\" class=\"ol-popup\">\n            <a href=\"#\" id=\"map_ol3js_1_popup-closer\" class=\"ol-popup-closer\"><\/a>\n            <div id=\"map_ol3js_1_popup-content\"><\/div>\n          <\/div>\n        <\/div>\n    <script type=\"text\/javascript\">\n\t\t\t  vectorM['map_ol3js_1'] = [];\n\t        \n        var raster = getTileLayer(\"osm\",\"NoKey\");\t\t\t\n\n\t\t\t  var map_ol3js_1 = new ol.Map({\n\t\t\t\tinteractions: ol.interaction.defaults.defaults({mouseWheelZoom:false}),\n\t\t\t\tlayers: [raster],\n\t\t\t\ttarget: \"map_ol3js_1\",\n\t\t\t\tview: new ol.View({\n\t\t\t\t  center: ol.proj.transform([14.4196,48.0240], \"EPSG:4326\", \"EPSG:3857\"),\n\t\t\t\t  zoom: 13.6\n\t\t\t\t})\n\t\t\t  });\n\t\t\t  osm_addMarkerLayer(map_ol3js_1,14.4141,48.0128,\"https:\/\/www.adlerkompressoren.at\/wp-content\/plugins\/osm\/icons\/mic_blue_empty_01.png\",-16,-41,\"<p>Adler Kompressoren GmbH<\/p>\") ; \naddControls2Map(map_ol3js_1,0,0,3,0,5,6,7,0,1);\nosm_addPopupClickhandler(map_ol3js_1,  \"map_ol3js_1\"); \nosm_addMouseHover(map_ol3js_1); <\/script>\n<\/div>\n<\/div>\n<\/div>\n\n\n\n<div class=\"inherit-container-width wp-block-group alignfull is-layout-constrained wp-block-group-is-layout-constrained\">\n<p class=\"has-text-align-center has-medium-font-size\"><strong>\u00d6ffnungszeiten:<\/strong> Montag &#8211; Donnerstag:  07:00 &#8211; 16:00 Uhr,  Freitag: 07:00 &#8211; 12:00 Uhr, Samstag, Sonntag und Feiertage geschlossen.<\/p>\n<\/div>\n","protected":false},"excerpt":{"rendered":"<p>Den ersten Kontakt vergisst man nie Sie haben Fragen oder Anregungen zu unserem Angebot? Sie m\u00f6chten uns Feedback geben? Dann sind Sie hier richtig! Wir freuen uns \u00fcber Ihre Nachricht und werden uns so schnell wie m\u00f6glich bei Ihnen melden. Adler Kompressoren GmbHBetriebspark 12A-4451&nbsp;St.Ulrich&nbsp;\/ Steyr Tel: +43(0)7252 47086Fax: +43(0)7252 4708689Hotline: +43(0)664\/2791291&nbsp;office@adlerkompressoren.at Externer Link &#8211; Sie [&hellip;]<\/p>\n","protected":false},"author":1,"featured_media":0,"parent":0,"menu_order":0,"comment_status":"closed","ping_status":"closed","template":"","meta":{"site-sidebar-layout":"default","site-content-layout":"plain-container","ast-site-content-layout":"normal-width-container","site-content-style":"unboxed","site-sidebar-style":"unboxed","ast-global-header-display":"","ast-banner-title-visibility":"","ast-main-header-display":"","ast-hfb-above-header-display":"","ast-hfb-below-header-display":"","ast-hfb-mobile-header-display":"","site-post-title":"disabled","ast-breadcrumbs-content":"","ast-featured-img":"","footer-sml-layout":"","ast-disable-related-posts":"","theme-transparent-header-meta":"enabled","adv-header-id-meta":"","stick-header-meta":"","header-above-stick-meta":"","header-main-stick-meta":"","header-below-stick-meta":"","astra-migrate-meta-layouts":"set","ast-page-background-enabled":"default","ast-page-background-meta":{"desktop":{"background-color":"var(--ast-global-color-4)","background-image":"","background-repeat":"repeat","background-position":"center center","background-size":"auto","background-attachment":"scroll","background-type":"","background-media":"","overlay-type":"","overlay-color":"","overlay-opacity":"","overlay-gradient":""},"tablet":{"background-color":"","background-image":"","background-repeat":"repeat","background-position":"center center","background-size":"auto","background-attachment":"scroll","background-type":"","background-media":"","overlay-type":"","overlay-color":"","overlay-opacity":"","overlay-gradient":""},"mobile":{"background-color":"","background-image":"","background-repeat":"repeat","background-position":"center center","background-size":"auto","background-attachment":"scroll","background-type":"","background-media":"","overlay-type":"","overlay-color":"","overlay-opacity":"","overlay-gradient":""}},"ast-content-background-meta":{"desktop":{"background-color":"var(--ast-global-color-5)","background-image":"","background-repeat":"repeat","background-position":"center center","background-size":"auto","background-attachment":"scroll","background-type":"","background-media":"","overlay-type":"","overlay-color":"","overlay-opacity":"","overlay-gradient":""},"tablet":{"background-color":"var(--ast-global-color-5)","background-image":"","background-repeat":"repeat","background-position":"center center","background-size":"auto","background-attachment":"scroll","background-type":"","background-media":"","overlay-type":"","overlay-color":"","overlay-opacity":"","overlay-gradient":""},"mobile":{"background-color":"var(--ast-global-color-5)","background-image":"","background-repeat":"repeat","background-position":"center center","background-size":"auto","background-attachment":"scroll","background-type":"","background-media":"","overlay-type":"","overlay-color":"","overlay-opacity":"","overlay-gradient":""}},"footnotes":""},"class_list":["post-33","page","type-page","status-publish","hentry"],"yoast_head":"<!-- This site is optimized with the Yoast SEO plugin v27.5 - https:\/\/yoast.com\/product\/yoast-seo-wordpress\/ -->\n<title>Kontakt - Adler Kompressoren<\/title>\n<meta name=\"description\" content=\"Kontaktieren Sie Adler Kompressoren f\u00fcr Beratung, Service und Angebote rund um Kompressoren und Drucklufttechnik.\" \/>\n<meta name=\"robots\" content=\"index, follow, max-snippet:-1, max-image-preview:large, max-video-preview:-1\" \/>\n<link rel=\"canonical\" href=\"https:\/\/www.adlerkompressoren.at\/?page_id=33\" \/>\n<meta property=\"og:locale\" content=\"de_DE\" \/>\n<meta property=\"og:type\" content=\"article\" \/>\n<meta property=\"og:title\" content=\"Kontakt - Adler Kompressoren\" \/>\n<meta property=\"og:description\" content=\"Kontaktieren Sie Adler Kompressoren f\u00fcr Beratung, Service und Angebote rund um Kompressoren und Drucklufttechnik.\" \/>\n<meta property=\"og:url\" content=\"https:\/\/www.adlerkompressoren.at\/?page_id=33\" \/>\n<meta property=\"og:site_name\" content=\"Adler Kompressoren\" \/>\n<meta property=\"article:publisher\" content=\"https:\/\/www.facebook.com\/p\/Adler-Kompressoren-GmbH-100054344568440\/\" \/>\n<meta property=\"article:modified_time\" content=\"2026-04-28T07:32:10+00:00\" \/>\n<meta property=\"og:image\" content=\"https:\/\/www.adlerkompressoren.at\/wp-content\/uploads\/2023\/03\/kundendienst.jpg\" \/>\n\t<meta property=\"og:image:width\" content=\"2560\" \/>\n\t<meta property=\"og:image:height\" content=\"1050\" \/>\n\t<meta property=\"og:image:type\" content=\"image\/jpeg\" \/>\n<meta name=\"twitter:card\" content=\"summary_large_image\" \/>\n<meta name=\"twitter:label1\" content=\"Gesch\u00e4tzte Lesezeit\" \/>\n\t<meta name=\"twitter:data1\" content=\"1\u00a0Minute\" \/>\n<script type=\"application\/ld+json\" class=\"yoast-schema-graph\">{\"@context\":\"https:\\\/\\\/schema.org\",\"@graph\":[{\"@type\":\"WebPage\",\"@id\":\"https:\\\/\\\/www.adlerkompressoren.at\\\/?page_id=33\",\"url\":\"https:\\\/\\\/www.adlerkompressoren.at\\\/?page_id=33\",\"name\":\"Kontakt - Adler Kompressoren\",\"isPartOf\":{\"@id\":\"https:\\\/\\\/www.adlerkompressoren.at\\\/#website\"},\"primaryImageOfPage\":{\"@id\":\"https:\\\/\\\/www.adlerkompressoren.at\\\/?page_id=33#primaryimage\"},\"image\":{\"@id\":\"https:\\\/\\\/www.adlerkompressoren.at\\\/?page_id=33#primaryimage\"},\"thumbnailUrl\":\"https:\\\/\\\/www.adlerkompressoren.at\\\/wp-content\\\/uploads\\\/2023\\\/03\\\/kundendienst.jpg\",\"datePublished\":\"2023-02-27T07:13:23+00:00\",\"dateModified\":\"2026-04-28T07:32:10+00:00\",\"description\":\"Kontaktieren Sie Adler Kompressoren f\u00fcr Beratung, Service und Angebote rund um Kompressoren und Drucklufttechnik.\",\"breadcrumb\":{\"@id\":\"https:\\\/\\\/www.adlerkompressoren.at\\\/?page_id=33#breadcrumb\"},\"inLanguage\":\"de\",\"potentialAction\":[{\"@type\":\"ReadAction\",\"target\":[\"https:\\\/\\\/www.adlerkompressoren.at\\\/?page_id=33\"]}]},{\"@type\":\"ImageObject\",\"inLanguage\":\"de\",\"@id\":\"https:\\\/\\\/www.adlerkompressoren.at\\\/?page_id=33#primaryimage\",\"url\":\"https:\\\/\\\/www.adlerkompressoren.at\\\/wp-content\\\/uploads\\\/2023\\\/03\\\/kundendienst.jpg\",\"contentUrl\":\"https:\\\/\\\/www.adlerkompressoren.at\\\/wp-content\\\/uploads\\\/2023\\\/03\\\/kundendienst.jpg\",\"width\":2560,\"height\":1050},{\"@type\":\"BreadcrumbList\",\"@id\":\"https:\\\/\\\/www.adlerkompressoren.at\\\/?page_id=33#breadcrumb\",\"itemListElement\":[{\"@type\":\"ListItem\",\"position\":1,\"name\":\"Start\",\"item\":\"https:\\\/\\\/www.adlerkompressoren.at\\\/\"},{\"@type\":\"ListItem\",\"position\":2,\"name\":\"Kontakt\"}]},{\"@type\":\"WebSite\",\"@id\":\"https:\\\/\\\/www.adlerkompressoren.at\\\/#website\",\"url\":\"https:\\\/\\\/www.adlerkompressoren.at\\\/\",\"name\":\"Adler Kompressoren\",\"description\":\"\",\"publisher\":{\"@id\":\"https:\\\/\\\/www.adlerkompressoren.at\\\/#organization\"},\"potentialAction\":[{\"@type\":\"SearchAction\",\"target\":{\"@type\":\"EntryPoint\",\"urlTemplate\":\"https:\\\/\\\/www.adlerkompressoren.at\\\/?s={search_term_string}\"},\"query-input\":{\"@type\":\"PropertyValueSpecification\",\"valueRequired\":true,\"valueName\":\"search_term_string\"}}],\"inLanguage\":\"de\"},{\"@type\":\"Organization\",\"@id\":\"https:\\\/\\\/www.adlerkompressoren.at\\\/#organization\",\"name\":\"Adler Kompressoren\",\"url\":\"https:\\\/\\\/www.adlerkompressoren.at\\\/\",\"logo\":{\"@type\":\"ImageObject\",\"inLanguage\":\"de\",\"@id\":\"https:\\\/\\\/www.adlerkompressoren.at\\\/#\\\/schema\\\/logo\\\/image\\\/\",\"url\":\"https:\\\/\\\/www.adlerkompressoren.at\\\/wp-content\\\/uploads\\\/2023\\\/03\\\/logo_single_shadow.png\",\"contentUrl\":\"https:\\\/\\\/www.adlerkompressoren.at\\\/wp-content\\\/uploads\\\/2023\\\/03\\\/logo_single_shadow.png\",\"width\":359,\"height\":198,\"caption\":\"Adler Kompressoren\"},\"image\":{\"@id\":\"https:\\\/\\\/www.adlerkompressoren.at\\\/#\\\/schema\\\/logo\\\/image\\\/\"},\"sameAs\":[\"https:\\\/\\\/www.facebook.com\\\/p\\\/Adler-Kompressoren-GmbH-100054344568440\\\/\"]}]}<\/script>\n<!-- \/ Yoast SEO plugin. -->","yoast_head_json":{"title":"Kontakt - Adler Kompressoren","description":"Kontaktieren Sie Adler Kompressoren f\u00fcr Beratung, Service und Angebote rund um Kompressoren und Drucklufttechnik.","robots":{"index":"index","follow":"follow","max-snippet":"max-snippet:-1","max-image-preview":"max-image-preview:large","max-video-preview":"max-video-preview:-1"},"canonical":"https:\/\/www.adlerkompressoren.at\/?page_id=33","og_locale":"de_DE","og_type":"article","og_title":"Kontakt - Adler Kompressoren","og_description":"Kontaktieren Sie Adler Kompressoren f\u00fcr Beratung, Service und Angebote rund um Kompressoren und Drucklufttechnik.","og_url":"https:\/\/www.adlerkompressoren.at\/?page_id=33","og_site_name":"Adler Kompressoren","article_publisher":"https:\/\/www.facebook.com\/p\/Adler-Kompressoren-GmbH-100054344568440\/","article_modified_time":"2026-04-28T07:32:10+00:00","og_image":[{"width":2560,"height":1050,"url":"https:\/\/www.adlerkompressoren.at\/wp-content\/uploads\/2023\/03\/kundendienst.jpg","type":"image\/jpeg"}],"twitter_card":"summary_large_image","twitter_misc":{"Gesch\u00e4tzte Lesezeit":"1\u00a0Minute"},"schema":{"@context":"https:\/\/schema.org","@graph":[{"@type":"WebPage","@id":"https:\/\/www.adlerkompressoren.at\/?page_id=33","url":"https:\/\/www.adlerkompressoren.at\/?page_id=33","name":"Kontakt - Adler Kompressoren","isPartOf":{"@id":"https:\/\/www.adlerkompressoren.at\/#website"},"primaryImageOfPage":{"@id":"https:\/\/www.adlerkompressoren.at\/?page_id=33#primaryimage"},"image":{"@id":"https:\/\/www.adlerkompressoren.at\/?page_id=33#primaryimage"},"thumbnailUrl":"https:\/\/www.adlerkompressoren.at\/wp-content\/uploads\/2023\/03\/kundendienst.jpg","datePublished":"2023-02-27T07:13:23+00:00","dateModified":"2026-04-28T07:32:10+00:00","description":"Kontaktieren Sie Adler Kompressoren f\u00fcr Beratung, Service und Angebote rund um Kompressoren und Drucklufttechnik.","breadcrumb":{"@id":"https:\/\/www.adlerkompressoren.at\/?page_id=33#breadcrumb"},"inLanguage":"de","potentialAction":[{"@type":"ReadAction","target":["https:\/\/www.adlerkompressoren.at\/?page_id=33"]}]},{"@type":"ImageObject","inLanguage":"de","@id":"https:\/\/www.adlerkompressoren.at\/?page_id=33#primaryimage","url":"https:\/\/www.adlerkompressoren.at\/wp-content\/uploads\/2023\/03\/kundendienst.jpg","contentUrl":"https:\/\/www.adlerkompressoren.at\/wp-content\/uploads\/2023\/03\/kundendienst.jpg","width":2560,"height":1050},{"@type":"BreadcrumbList","@id":"https:\/\/www.adlerkompressoren.at\/?page_id=33#breadcrumb","itemListElement":[{"@type":"ListItem","position":1,"name":"Start","item":"https:\/\/www.adlerkompressoren.at\/"},{"@type":"ListItem","position":2,"name":"Kontakt"}]},{"@type":"WebSite","@id":"https:\/\/www.adlerkompressoren.at\/#website","url":"https:\/\/www.adlerkompressoren.at\/","name":"Adler Kompressoren","description":"","publisher":{"@id":"https:\/\/www.adlerkompressoren.at\/#organization"},"potentialAction":[{"@type":"SearchAction","target":{"@type":"EntryPoint","urlTemplate":"https:\/\/www.adlerkompressoren.at\/?s={search_term_string}"},"query-input":{"@type":"PropertyValueSpecification","valueRequired":true,"valueName":"search_term_string"}}],"inLanguage":"de"},{"@type":"Organization","@id":"https:\/\/www.adlerkompressoren.at\/#organization","name":"Adler Kompressoren","url":"https:\/\/www.adlerkompressoren.at\/","logo":{"@type":"ImageObject","inLanguage":"de","@id":"https:\/\/www.adlerkompressoren.at\/#\/schema\/logo\/image\/","url":"https:\/\/www.adlerkompressoren.at\/wp-content\/uploads\/2023\/03\/logo_single_shadow.png","contentUrl":"https:\/\/www.adlerkompressoren.at\/wp-content\/uploads\/2023\/03\/logo_single_shadow.png","width":359,"height":198,"caption":"Adler Kompressoren"},"image":{"@id":"https:\/\/www.adlerkompressoren.at\/#\/schema\/logo\/image\/"},"sameAs":["https:\/\/www.facebook.com\/p\/Adler-Kompressoren-GmbH-100054344568440\/"]}]}},"_links":{"self":[{"href":"https:\/\/www.adlerkompressoren.at\/index.php?rest_route=\/wp\/v2\/pages\/33","targetHints":{"allow":["GET"]}}],"collection":[{"href":"https:\/\/www.adlerkompressoren.at\/index.php?rest_route=\/wp\/v2\/pages"}],"about":[{"href":"https:\/\/www.adlerkompressoren.at\/index.php?rest_route=\/wp\/v2\/types\/page"}],"author":[{"embeddable":true,"href":"https:\/\/www.adlerkompressoren.at\/index.php?rest_route=\/wp\/v2\/users\/1"}],"replies":[{"embeddable":true,"href":"https:\/\/www.adlerkompressoren.at\/index.php?rest_route=%2Fwp%2Fv2%2Fcomments&post=33"}],"version-history":[{"count":35,"href":"https:\/\/www.adlerkompressoren.at\/index.php?rest_route=\/wp\/v2\/pages\/33\/revisions"}],"predecessor-version":[{"id":25948,"href":"https:\/\/www.adlerkompressoren.at\/index.php?rest_route=\/wp\/v2\/pages\/33\/revisions\/25948"}],"wp:attachment":[{"href":"https:\/\/www.adlerkompressoren.at\/index.php?rest_route=%2Fwp%2Fv2%2Fmedia&parent=33"}],"curies":[{"name":"wp","href":"https:\/\/api.w.org\/{rel}","templated":true}]}}