{"id":31,"date":"2023-02-27T08:13:07","date_gmt":"2023-02-27T07:13:07","guid":{"rendered":"https:\/\/www.adlerkompressoren.at\/wp\/?page_id=31"},"modified":"2026-04-28T09:33:55","modified_gmt":"2026-04-28T07:33:55","slug":"kompressoren-kundendienst-wartung-adler-kompressoren","status":"publish","type":"page","link":"https:\/\/www.adlerkompressoren.at\/?page_id=31","title":{"rendered":"Kundendienst"},"content":{"rendered":"\n<div class=\"wp-block-cover alignfull is-light\" style=\"min-height:75vh;aspect-ratio:unset;\"><span aria-hidden=\"true\" class=\"wp-block-cover__background has-background-dim-0 has-background-dim\"><\/span><img loading=\"lazy\" decoding=\"async\" width=\"2560\" height=\"1050\" class=\"wp-block-cover__image-background wp-image-1002\" alt=\"\" src=\"https:\/\/www.adlerkompressoren.at\/wp-content\/uploads\/2023\/03\/kundenservice1.jpg\" style=\"object-position:26% 45%\" data-object-fit=\"cover\" data-object-position=\"26% 45%\" srcset=\"https:\/\/www.adlerkompressoren.at\/wp-content\/uploads\/2023\/03\/kundenservice1.jpg 2560w, https:\/\/www.adlerkompressoren.at\/wp-content\/uploads\/2023\/03\/kundenservice1-300x123.jpg 300w, https:\/\/www.adlerkompressoren.at\/wp-content\/uploads\/2023\/03\/kundenservice1-1024x420.jpg 1024w, https:\/\/www.adlerkompressoren.at\/wp-content\/uploads\/2023\/03\/kundenservice1-768x315.jpg 768w, https:\/\/www.adlerkompressoren.at\/wp-content\/uploads\/2023\/03\/kundenservice1-1536x630.jpg 1536w, https:\/\/www.adlerkompressoren.at\/wp-content\/uploads\/2023\/03\/kundenservice1-2048x840.jpg 2048w, https:\/\/www.adlerkompressoren.at\/wp-content\/uploads\/2023\/03\/kundenservice1-1600x656.jpg 1600w\" sizes=\"auto, (max-width: 2560px) 100vw, 2560px\" \/><div class=\"wp-block-cover__inner-container is-layout-flow wp-block-cover-is-layout-flow\">\n<h2 class=\"wp-block-heading has-text-align-right slider-headline1 has-link-color wp-elements-7491bdb76abe35ee91c014777d64c814\" style=\"text-transform:uppercase\"><a href=\"tel:+43725247086\" data-type=\"tel\" data-id=\"tel:+43725247086\">Jetzt anrufen <\/a><\/h2>\n<\/div><\/div>\n\n\n\n<div class=\"wp-block-group alignfull has-ast-global-color-6-background-color has-background is-layout-constrained wp-container-core-group-is-layout-94d206d0 wp-block-group-is-layout-constrained\" id=\"about\" style=\"padding-top:143px;padding-bottom:144px\">\n<div class=\"wp-block-media-text is-stacked-on-mobile is-vertically-aligned-center\"><figure class=\"wp-block-media-text__media\"><img loading=\"lazy\" decoding=\"async\" width=\"652\" height=\"1024\" src=\"https:\/\/www.adlerkompressoren.at\/wp-content\/uploads\/2023\/03\/ersatzteile1-652x1024.jpg\" alt=\"\" class=\"wp-image-1023 size-full\" srcset=\"https:\/\/www.adlerkompressoren.at\/wp-content\/uploads\/2023\/03\/ersatzteile1-652x1024.jpg 652w, https:\/\/www.adlerkompressoren.at\/wp-content\/uploads\/2023\/03\/ersatzteile1-191x300.jpg 191w, https:\/\/www.adlerkompressoren.at\/wp-content\/uploads\/2023\/03\/ersatzteile1.jpg 700w\" sizes=\"auto, (max-width: 652px) 100vw, 652px\" \/><\/figure><div class=\"wp-block-media-text__content\">\n<div class=\"inherit-container-width wp-block-group is-layout-constrained wp-block-group-is-layout-constrained\">\n<h2 class=\"wp-block-heading\" style=\"padding-right:40px\">Kundendienst<\/h2>\n\n\n\n<p>Adler Kompressoren GmbH bietet ma\u00dfgeschneiderte L\u00f6sungen von der Beratung \u00fcber die Planung, Installation bis hin zur Inbetriebnahme, Wartung und Reparaturen unter Verwendung von Originalteile oder Ersatzteile in Erstausr\u00fcsterqualit\u00e4t.<\/p>\n\n\n\n<p>&nbsp;Ein wichtiger Punkt unseres Servicekonzeptes ist die Wartung und Reparaturen s\u00e4mtlicher Druckluftkompressoren und dessen Zubeh\u00f6r, sowie die pers\u00f6nliche Betreuung unserer Kunden hat Handschlagqualit\u00e4t!<\/p>\n\n\n\n<p><strong>&nbsp;Wir bieten:<\/strong><\/p>\n\n\n\n<ul class=\"wp-block-list\">\n<li>Wartung und Reparaturen s\u00e4mtlicher Kompressoren, K\u00e4ltetrockner, Mikrofilter,\u00a0\u00d6l-Wassertrenner, Adsorptionstrockner, Atemluftaufbereitung\u2026\u2026<\/li>\n\n\n\n<li>&nbsp;Installation von Druckluftanlagen, Zu &#8211; Abluft Systeme, Rohrleitungen<\/li>\n\n\n\n<li>Instandhaltung + General\u00fcberholung von Kolben- u. Schraubenkompressoren<\/li>\n\n\n\n<li>Neulagerung von Verdichterstufen und Elektro-Motoren<\/li>\n\n\n\n<li>Wartungskonzepte zu j\u00e4hrlichen Fixkosten ( Wartungsvereinbarung )<\/li>\n\n\n\n<li>\u00dcber 2500 Originalteile und Ersatzteile in Erstausr\u00fcsterqualit\u00e4t sind in unseren Servicefahrzeugen st\u00e4ndig vorhanden.<\/li>\n<\/ul>\n<\/div>\n\n\n\n<div style=\"height:42px\" aria-hidden=\"true\" class=\"wp-block-spacer\"><\/div>\n\n\n\n<h3 class=\"wp-block-heading has-vivid-red-color has-text-color\"><strong><em>Adler Kompressoren GmbH<br><\/em><\/strong><em>Ihr starker Partner rund um das Thema Druckluft<\/em><\/h3>\n<\/div><\/div>\n<\/div>\n","protected":false},"excerpt":{"rendered":"<p>Kundendienst Adler Kompressoren GmbH bietet ma\u00dfgeschneiderte L\u00f6sungen von der Beratung \u00fcber die Planung, Installation bis hin zur Inbetriebnahme, Wartung und Reparaturen unter Verwendung von Originalteile oder Ersatzteile in Erstausr\u00fcsterqualit\u00e4t. &nbsp;Ein wichtiger Punkt unseres Servicekonzeptes ist die Wartung und Reparaturen s\u00e4mtlicher Druckluftkompressoren und dessen Zubeh\u00f6r, sowie die pers\u00f6nliche Betreuung unserer Kunden hat Handschlagqualit\u00e4t! &nbsp;Wir bieten: Adler [&hellip;]<\/p>\n","protected":false},"author":1,"featured_media":0,"parent":0,"menu_order":0,"comment_status":"closed","ping_status":"open","template":"","meta":{"site-sidebar-layout":"default","site-content-layout":"plain-container","ast-site-content-layout":"normal-width-container","site-content-style":"unboxed","site-sidebar-style":"unboxed","ast-global-header-display":"","ast-banner-title-visibility":"","ast-main-header-display":"","ast-hfb-above-header-display":"","ast-hfb-below-header-display":"","ast-hfb-mobile-header-display":"","site-post-title":"disabled","ast-breadcrumbs-content":"","ast-featured-img":"","footer-sml-layout":"","ast-disable-related-posts":"","theme-transparent-header-meta":"enabled","adv-header-id-meta":"","stick-header-meta":"","header-above-stick-meta":"","header-main-stick-meta":"","header-below-stick-meta":"","astra-migrate-meta-layouts":"set","ast-page-background-enabled":"default","ast-page-background-meta":{"desktop":{"background-color":"var(--ast-global-color-4)","background-image":"","background-repeat":"repeat","background-position":"center center","background-size":"auto","background-attachment":"scroll","background-type":"","background-media":"","overlay-type":"","overlay-color":"","overlay-opacity":"","overlay-gradient":""},"tablet":{"background-color":"","background-image":"","background-repeat":"repeat","background-position":"center center","background-size":"auto","background-attachment":"scroll","background-type":"","background-media":"","overlay-type":"","overlay-color":"","overlay-opacity":"","overlay-gradient":""},"mobile":{"background-color":"","background-image":"","background-repeat":"repeat","background-position":"center center","background-size":"auto","background-attachment":"scroll","background-type":"","background-media":"","overlay-type":"","overlay-color":"","overlay-opacity":"","overlay-gradient":""}},"ast-content-background-meta":{"desktop":{"background-color":"var(--ast-global-color-5)","background-image":"","background-repeat":"repeat","background-position":"center center","background-size":"auto","background-attachment":"scroll","background-type":"","background-media":"","overlay-type":"","overlay-color":"","overlay-opacity":"","overlay-gradient":""},"tablet":{"background-color":"var(--ast-global-color-5)","background-image":"","background-repeat":"repeat","background-position":"center center","background-size":"auto","background-attachment":"scroll","background-type":"","background-media":"","overlay-type":"","overlay-color":"","overlay-opacity":"","overlay-gradient":""},"mobile":{"background-color":"var(--ast-global-color-5)","background-image":"","background-repeat":"repeat","background-position":"center center","background-size":"auto","background-attachment":"scroll","background-type":"","background-media":"","overlay-type":"","overlay-color":"","overlay-opacity":"","overlay-gradient":""}},"footnotes":""},"class_list":["post-31","page","type-page","status-publish","hentry"],"yoast_head":"<!-- This site is optimized with the Yoast SEO plugin v27.5 - https:\/\/yoast.com\/product\/yoast-seo-wordpress\/ -->\n<title>Kundendienst - Adler Kompressoren<\/title>\n<meta name=\"description\" content=\"Kompressoren Kundendienst, Wartung und Reparatur f\u00fcr Druckluftanlagen. Adler Kompressoren bietet Service, Installation und Instandhaltung aus einer Hand.\" \/>\n<meta name=\"robots\" content=\"index, follow, max-snippet:-1, max-image-preview:large, max-video-preview:-1\" \/>\n<link rel=\"canonical\" href=\"https:\/\/www.adlerkompressoren.at\/?page_id=31\" \/>\n<meta property=\"og:locale\" content=\"de_DE\" \/>\n<meta property=\"og:type\" content=\"article\" \/>\n<meta property=\"og:title\" content=\"Kundendienst - Adler Kompressoren\" \/>\n<meta property=\"og:description\" content=\"Kompressoren Kundendienst, Wartung und Reparatur f\u00fcr Druckluftanlagen. Adler Kompressoren bietet Service, Installation und Instandhaltung aus einer Hand.\" \/>\n<meta property=\"og:url\" content=\"https:\/\/www.adlerkompressoren.at\/?page_id=31\" \/>\n<meta property=\"og:site_name\" content=\"Adler Kompressoren\" \/>\n<meta property=\"article:publisher\" content=\"https:\/\/www.facebook.com\/p\/Adler-Kompressoren-GmbH-100054344568440\/\" \/>\n<meta property=\"article:modified_time\" content=\"2026-04-28T07:33:55+00:00\" \/>\n<meta property=\"og:image\" content=\"https:\/\/www.adlerkompressoren.at\/wp-content\/uploads\/2023\/03\/kundenservice1.jpg\" \/>\n\t<meta property=\"og:image:width\" content=\"2560\" \/>\n\t<meta property=\"og:image:height\" content=\"1050\" \/>\n\t<meta property=\"og:image:type\" content=\"image\/jpeg\" \/>\n<meta name=\"twitter:card\" content=\"summary_large_image\" \/>\n<meta name=\"twitter:label1\" content=\"Gesch\u00e4tzte Lesezeit\" \/>\n\t<meta name=\"twitter:data1\" content=\"2\u00a0Minuten\" \/>\n<script type=\"application\/ld+json\" class=\"yoast-schema-graph\">{\"@context\":\"https:\\\/\\\/schema.org\",\"@graph\":[{\"@type\":\"WebPage\",\"@id\":\"https:\\\/\\\/www.adlerkompressoren.at\\\/?page_id=31\",\"url\":\"https:\\\/\\\/www.adlerkompressoren.at\\\/?page_id=31\",\"name\":\"Kundendienst - Adler Kompressoren\",\"isPartOf\":{\"@id\":\"https:\\\/\\\/www.adlerkompressoren.at\\\/#website\"},\"primaryImageOfPage\":{\"@id\":\"https:\\\/\\\/www.adlerkompressoren.at\\\/?page_id=31#primaryimage\"},\"image\":{\"@id\":\"https:\\\/\\\/www.adlerkompressoren.at\\\/?page_id=31#primaryimage\"},\"thumbnailUrl\":\"https:\\\/\\\/www.adlerkompressoren.at\\\/wp-content\\\/uploads\\\/2023\\\/03\\\/kundenservice1.jpg\",\"datePublished\":\"2023-02-27T07:13:07+00:00\",\"dateModified\":\"2026-04-28T07:33:55+00:00\",\"description\":\"Kompressoren Kundendienst, Wartung und Reparatur f\u00fcr Druckluftanlagen. Adler Kompressoren bietet Service, Installation und Instandhaltung aus einer Hand.\",\"breadcrumb\":{\"@id\":\"https:\\\/\\\/www.adlerkompressoren.at\\\/?page_id=31#breadcrumb\"},\"inLanguage\":\"de\",\"potentialAction\":[{\"@type\":\"ReadAction\",\"target\":[\"https:\\\/\\\/www.adlerkompressoren.at\\\/?page_id=31\"]}]},{\"@type\":\"ImageObject\",\"inLanguage\":\"de\",\"@id\":\"https:\\\/\\\/www.adlerkompressoren.at\\\/?page_id=31#primaryimage\",\"url\":\"https:\\\/\\\/www.adlerkompressoren.at\\\/wp-content\\\/uploads\\\/2023\\\/03\\\/kundenservice1.jpg\",\"contentUrl\":\"https:\\\/\\\/www.adlerkompressoren.at\\\/wp-content\\\/uploads\\\/2023\\\/03\\\/kundenservice1.jpg\",\"width\":2560,\"height\":1050},{\"@type\":\"BreadcrumbList\",\"@id\":\"https:\\\/\\\/www.adlerkompressoren.at\\\/?page_id=31#breadcrumb\",\"itemListElement\":[{\"@type\":\"ListItem\",\"position\":1,\"name\":\"Start\",\"item\":\"https:\\\/\\\/www.adlerkompressoren.at\\\/\"},{\"@type\":\"ListItem\",\"position\":2,\"name\":\"Kundendienst\"}]},{\"@type\":\"WebSite\",\"@id\":\"https:\\\/\\\/www.adlerkompressoren.at\\\/#website\",\"url\":\"https:\\\/\\\/www.adlerkompressoren.at\\\/\",\"name\":\"Adler Kompressoren\",\"description\":\"\",\"publisher\":{\"@id\":\"https:\\\/\\\/www.adlerkompressoren.at\\\/#organization\"},\"potentialAction\":[{\"@type\":\"SearchAction\",\"target\":{\"@type\":\"EntryPoint\",\"urlTemplate\":\"https:\\\/\\\/www.adlerkompressoren.at\\\/?s={search_term_string}\"},\"query-input\":{\"@type\":\"PropertyValueSpecification\",\"valueRequired\":true,\"valueName\":\"search_term_string\"}}],\"inLanguage\":\"de\"},{\"@type\":\"Organization\",\"@id\":\"https:\\\/\\\/www.adlerkompressoren.at\\\/#organization\",\"name\":\"Adler Kompressoren\",\"url\":\"https:\\\/\\\/www.adlerkompressoren.at\\\/\",\"logo\":{\"@type\":\"ImageObject\",\"inLanguage\":\"de\",\"@id\":\"https:\\\/\\\/www.adlerkompressoren.at\\\/#\\\/schema\\\/logo\\\/image\\\/\",\"url\":\"https:\\\/\\\/www.adlerkompressoren.at\\\/wp-content\\\/uploads\\\/2023\\\/03\\\/logo_single_shadow.png\",\"contentUrl\":\"https:\\\/\\\/www.adlerkompressoren.at\\\/wp-content\\\/uploads\\\/2023\\\/03\\\/logo_single_shadow.png\",\"width\":359,\"height\":198,\"caption\":\"Adler Kompressoren\"},\"image\":{\"@id\":\"https:\\\/\\\/www.adlerkompressoren.at\\\/#\\\/schema\\\/logo\\\/image\\\/\"},\"sameAs\":[\"https:\\\/\\\/www.facebook.com\\\/p\\\/Adler-Kompressoren-GmbH-100054344568440\\\/\"]}]}<\/script>\n<!-- \/ Yoast SEO plugin. -->","yoast_head_json":{"title":"Kundendienst - Adler Kompressoren","description":"Kompressoren Kundendienst, Wartung und Reparatur f\u00fcr Druckluftanlagen. Adler Kompressoren bietet Service, Installation und Instandhaltung aus einer Hand.","robots":{"index":"index","follow":"follow","max-snippet":"max-snippet:-1","max-image-preview":"max-image-preview:large","max-video-preview":"max-video-preview:-1"},"canonical":"https:\/\/www.adlerkompressoren.at\/?page_id=31","og_locale":"de_DE","og_type":"article","og_title":"Kundendienst - Adler Kompressoren","og_description":"Kompressoren Kundendienst, Wartung und Reparatur f\u00fcr Druckluftanlagen. Adler Kompressoren bietet Service, Installation und Instandhaltung aus einer Hand.","og_url":"https:\/\/www.adlerkompressoren.at\/?page_id=31","og_site_name":"Adler Kompressoren","article_publisher":"https:\/\/www.facebook.com\/p\/Adler-Kompressoren-GmbH-100054344568440\/","article_modified_time":"2026-04-28T07:33:55+00:00","og_image":[{"width":2560,"height":1050,"url":"https:\/\/www.adlerkompressoren.at\/wp-content\/uploads\/2023\/03\/kundenservice1.jpg","type":"image\/jpeg"}],"twitter_card":"summary_large_image","twitter_misc":{"Gesch\u00e4tzte Lesezeit":"2\u00a0Minuten"},"schema":{"@context":"https:\/\/schema.org","@graph":[{"@type":"WebPage","@id":"https:\/\/www.adlerkompressoren.at\/?page_id=31","url":"https:\/\/www.adlerkompressoren.at\/?page_id=31","name":"Kundendienst - Adler Kompressoren","isPartOf":{"@id":"https:\/\/www.adlerkompressoren.at\/#website"},"primaryImageOfPage":{"@id":"https:\/\/www.adlerkompressoren.at\/?page_id=31#primaryimage"},"image":{"@id":"https:\/\/www.adlerkompressoren.at\/?page_id=31#primaryimage"},"thumbnailUrl":"https:\/\/www.adlerkompressoren.at\/wp-content\/uploads\/2023\/03\/kundenservice1.jpg","datePublished":"2023-02-27T07:13:07+00:00","dateModified":"2026-04-28T07:33:55+00:00","description":"Kompressoren Kundendienst, Wartung und Reparatur f\u00fcr Druckluftanlagen. Adler Kompressoren bietet Service, Installation und Instandhaltung aus einer Hand.","breadcrumb":{"@id":"https:\/\/www.adlerkompressoren.at\/?page_id=31#breadcrumb"},"inLanguage":"de","potentialAction":[{"@type":"ReadAction","target":["https:\/\/www.adlerkompressoren.at\/?page_id=31"]}]},{"@type":"ImageObject","inLanguage":"de","@id":"https:\/\/www.adlerkompressoren.at\/?page_id=31#primaryimage","url":"https:\/\/www.adlerkompressoren.at\/wp-content\/uploads\/2023\/03\/kundenservice1.jpg","contentUrl":"https:\/\/www.adlerkompressoren.at\/wp-content\/uploads\/2023\/03\/kundenservice1.jpg","width":2560,"height":1050},{"@type":"BreadcrumbList","@id":"https:\/\/www.adlerkompressoren.at\/?page_id=31#breadcrumb","itemListElement":[{"@type":"ListItem","position":1,"name":"Start","item":"https:\/\/www.adlerkompressoren.at\/"},{"@type":"ListItem","position":2,"name":"Kundendienst"}]},{"@type":"WebSite","@id":"https:\/\/www.adlerkompressoren.at\/#website","url":"https:\/\/www.adlerkompressoren.at\/","name":"Adler Kompressoren","description":"","publisher":{"@id":"https:\/\/www.adlerkompressoren.at\/#organization"},"potentialAction":[{"@type":"SearchAction","target":{"@type":"EntryPoint","urlTemplate":"https:\/\/www.adlerkompressoren.at\/?s={search_term_string}"},"query-input":{"@type":"PropertyValueSpecification","valueRequired":true,"valueName":"search_term_string"}}],"inLanguage":"de"},{"@type":"Organization","@id":"https:\/\/www.adlerkompressoren.at\/#organization","name":"Adler Kompressoren","url":"https:\/\/www.adlerkompressoren.at\/","logo":{"@type":"ImageObject","inLanguage":"de","@id":"https:\/\/www.adlerkompressoren.at\/#\/schema\/logo\/image\/","url":"https:\/\/www.adlerkompressoren.at\/wp-content\/uploads\/2023\/03\/logo_single_shadow.png","contentUrl":"https:\/\/www.adlerkompressoren.at\/wp-content\/uploads\/2023\/03\/logo_single_shadow.png","width":359,"height":198,"caption":"Adler Kompressoren"},"image":{"@id":"https:\/\/www.adlerkompressoren.at\/#\/schema\/logo\/image\/"},"sameAs":["https:\/\/www.facebook.com\/p\/Adler-Kompressoren-GmbH-100054344568440\/"]}]}},"_links":{"self":[{"href":"https:\/\/www.adlerkompressoren.at\/index.php?rest_route=\/wp\/v2\/pages\/31","targetHints":{"allow":["GET"]}}],"collection":[{"href":"https:\/\/www.adlerkompressoren.at\/index.php?rest_route=\/wp\/v2\/pages"}],"about":[{"href":"https:\/\/www.adlerkompressoren.at\/index.php?rest_route=\/wp\/v2\/types\/page"}],"author":[{"embeddable":true,"href":"https:\/\/www.adlerkompressoren.at\/index.php?rest_route=\/wp\/v2\/users\/1"}],"replies":[{"embeddable":true,"href":"https:\/\/www.adlerkompressoren.at\/index.php?rest_route=%2Fwp%2Fv2%2Fcomments&post=31"}],"version-history":[{"count":39,"href":"https:\/\/www.adlerkompressoren.at\/index.php?rest_route=\/wp\/v2\/pages\/31\/revisions"}],"predecessor-version":[{"id":25950,"href":"https:\/\/www.adlerkompressoren.at\/index.php?rest_route=\/wp\/v2\/pages\/31\/revisions\/25950"}],"wp:attachment":[{"href":"https:\/\/www.adlerkompressoren.at\/index.php?rest_route=%2Fwp%2Fv2%2Fmedia&parent=31"}],"curies":[{"name":"wp","href":"https:\/\/api.w.org\/{rel}","templated":true}]}}