{"id":27,"date":"2023-02-27T08:12:30","date_gmt":"2023-02-27T07:12:30","guid":{"rendered":"https:\/\/www.adlerkompressoren.at\/wp\/?page_id=27"},"modified":"2026-04-28T09:34:49","modified_gmt":"2026-04-28T07:34:49","slug":"ueber-uns-adler-kompressoren-gmbh","status":"publish","type":"page","link":"https:\/\/www.adlerkompressoren.at\/?page_id=27","title":{"rendered":"Unternehmen"},"content":{"rendered":"\n<div class=\"wp-block-cover alignfull is-light\" style=\"min-height:75vh;aspect-ratio:unset;\"><span aria-hidden=\"true\" class=\"wp-block-cover__background has-background-dim-0 has-background-dim\"><\/span><img loading=\"lazy\" decoding=\"async\" width=\"2560\" height=\"1050\" class=\"wp-block-cover__image-background wp-image-1145\" alt=\"\" src=\"https:\/\/www.adlerkompressoren.at\/wp-content\/uploads\/2023\/04\/unternehmen8.jpg\" style=\"object-position:72% 55%\" data-object-fit=\"cover\" data-object-position=\"72% 55%\" srcset=\"https:\/\/www.adlerkompressoren.at\/wp-content\/uploads\/2023\/04\/unternehmen8.jpg 2560w, https:\/\/www.adlerkompressoren.at\/wp-content\/uploads\/2023\/04\/unternehmen8-300x123.jpg 300w, https:\/\/www.adlerkompressoren.at\/wp-content\/uploads\/2023\/04\/unternehmen8-1024x420.jpg 1024w, https:\/\/www.adlerkompressoren.at\/wp-content\/uploads\/2023\/04\/unternehmen8-768x315.jpg 768w, https:\/\/www.adlerkompressoren.at\/wp-content\/uploads\/2023\/04\/unternehmen8-1536x630.jpg 1536w, https:\/\/www.adlerkompressoren.at\/wp-content\/uploads\/2023\/04\/unternehmen8-2048x840.jpg 2048w, https:\/\/www.adlerkompressoren.at\/wp-content\/uploads\/2023\/04\/unternehmen8-1600x656.jpg 1600w\" sizes=\"auto, (max-width: 2560px) 100vw, 2560px\" \/><div class=\"wp-block-cover__inner-container is-layout-flow wp-block-cover-is-layout-flow\">\n<p class=\"has-text-align-center has-large-font-size\"><\/p>\n<\/div><\/div>\n\n\n\n<div class=\"wp-block-group alignfull has-ast-global-color-6-background-color has-background is-layout-constrained wp-container-core-group-is-layout-e82f88eb wp-block-group-is-layout-constrained\" id=\"about\" style=\"padding-top:10vh;padding-bottom:144px\">\n<div class=\"wp-block-media-text has-media-on-the-right is-stacked-on-mobile is-vertically-aligned-top is-image-fill\"><div class=\"wp-block-media-text__content\">\n<div class=\"inherit-container-width wp-block-group is-layout-constrained wp-block-group-is-layout-constrained\">\n<h2 class=\"wp-block-heading\" style=\"padding-right:40px\">\u00dcber uns<\/h2>\n\n\n\n<p>Die Firma ADLER Kompressoren GmbH wurde am 01.J\u00e4nner 2015 erfolgreich, als Technikunternehmen mit dem Schwerpunkt Kompressoren f\u00fcr Handwerk und Industrie,&nbsp;in Garsten gegr\u00fcndet.<\/p>\n\n\n\n<p>Durch die Erfahrung unserer Mitarbeiter, die bis zu 25 Jahre T\u00e4tigkeit in der Druckluftbranche mitbringen, z\u00e4hlen mittelst\u00e4ndische Unternehmen sowie gro\u00dfe internationale Konzerne zum Kundenkreis der ADLER Kompressoren GmbH.<\/p>\n\n\n\n<p>Die Adler Kompressoren GmbH plant und realisiert individuelle L\u00f6sungen auf Kundenwunsch und entwickelt diese f\u00fcr den Kunden weiter. Wir bieten ma\u00dfgeschneiderte L\u00f6sungen von der Beratung \u00fcber die Planung, Installation bis hin zur Inbetriebnahme und Wartung an. Wichtige Punkte unseres Servicekonzeptes sind Wartungen und Reparaturen s\u00e4mtlicher Druckluftkompressoren und dessen Zubeh\u00f6r sowie die pers\u00f6nliche Betreuung unserer Kunden hat Handschlagqualit\u00e4t!<\/p>\n\n\n\n<p>Wir die Adler Kompressoren GmbH haben schnell festgestellt dass der Erfolg eines Unternehmens ausschlie\u00dflich durch den Kunden und dessen Zufriedenheit mit den Leistungen auf eine dauerhafte Partnerschaft aufgebaut ist.<\/p>\n\n\n\n<h3 class=\"wp-block-heading has-vivid-red-color has-text-color\"><strong><em>Adler Kompressoren GmbH<br><\/em><\/strong><em>Ihr starker Partner rund um das Thema Druckluft<\/em><\/h3>\n<\/div>\n<\/div><figure class=\"wp-block-media-text__media\" style=\"background-image:url(https:\/\/www.adlerkompressoren.at\/wp-content\/uploads\/2023\/03\/team-652x1024.jpg);background-position:55% 16%\"><img loading=\"lazy\" decoding=\"async\" width=\"652\" height=\"1024\" src=\"https:\/\/www.adlerkompressoren.at\/wp-content\/uploads\/2023\/03\/team-652x1024.jpg\" alt=\"\" class=\"wp-image-978 size-full\" srcset=\"https:\/\/www.adlerkompressoren.at\/wp-content\/uploads\/2023\/03\/team-652x1024.jpg 652w, https:\/\/www.adlerkompressoren.at\/wp-content\/uploads\/2023\/03\/team-191x300.jpg 191w, https:\/\/www.adlerkompressoren.at\/wp-content\/uploads\/2023\/03\/team.jpg 700w\" sizes=\"auto, (max-width: 652px) 100vw, 652px\" \/><\/figure><\/div>\n<\/div>\n\n\n\n<div class=\"inherit-container-width wp-block-group alignfull has-ast-global-color-5-background-color has-background is-layout-constrained wp-block-group-is-layout-constrained\">\n<div style=\"height:42px\" aria-hidden=\"true\" class=\"wp-block-spacer\"><\/div>\n\n\n\n<div class=\"wp-block-columns is-layout-flex wp-container-core-columns-is-layout-28f84493 wp-block-columns-is-layout-flex\">\n<div class=\"wp-block-column is-layout-flow wp-block-column-is-layout-flow\">\n<figure class=\"wp-block-gallery has-nested-images columns-2 is-cropped wp-block-gallery-1 is-layout-flex wp-block-gallery-is-layout-flex\">\n<figure class=\"wp-block-image size-large\"><img loading=\"lazy\" decoding=\"async\" width=\"900\" height=\"900\" data-id=\"1168\" src=\"https:\/\/www.adlerkompressoren.at\/wp-content\/uploads\/2023\/04\/ref1-1.jpg\" alt=\"\" class=\"wp-image-1168\" srcset=\"https:\/\/www.adlerkompressoren.at\/wp-content\/uploads\/2023\/04\/ref1-1.jpg 900w, https:\/\/www.adlerkompressoren.at\/wp-content\/uploads\/2023\/04\/ref1-1-300x300.jpg 300w, https:\/\/www.adlerkompressoren.at\/wp-content\/uploads\/2023\/04\/ref1-1-150x150.jpg 150w, https:\/\/www.adlerkompressoren.at\/wp-content\/uploads\/2023\/04\/ref1-1-768x768.jpg 768w, https:\/\/www.adlerkompressoren.at\/wp-content\/uploads\/2023\/04\/ref1-1-310x310.jpg 310w, https:\/\/www.adlerkompressoren.at\/wp-content\/uploads\/2023\/04\/ref1-1-105x105.jpg 105w\" sizes=\"auto, (max-width: 900px) 100vw, 900px\" \/><\/figure>\n\n\n\n<figure class=\"wp-block-image size-large\"><img loading=\"lazy\" decoding=\"async\" width=\"900\" height=\"900\" data-id=\"1169\" src=\"https:\/\/www.adlerkompressoren.at\/wp-content\/uploads\/2023\/04\/ref2.jpg\" alt=\"\" class=\"wp-image-1169\" srcset=\"https:\/\/www.adlerkompressoren.at\/wp-content\/uploads\/2023\/04\/ref2.jpg 900w, https:\/\/www.adlerkompressoren.at\/wp-content\/uploads\/2023\/04\/ref2-300x300.jpg 300w, https:\/\/www.adlerkompressoren.at\/wp-content\/uploads\/2023\/04\/ref2-150x150.jpg 150w, https:\/\/www.adlerkompressoren.at\/wp-content\/uploads\/2023\/04\/ref2-768x768.jpg 768w, https:\/\/www.adlerkompressoren.at\/wp-content\/uploads\/2023\/04\/ref2-310x310.jpg 310w, https:\/\/www.adlerkompressoren.at\/wp-content\/uploads\/2023\/04\/ref2-105x105.jpg 105w\" sizes=\"auto, (max-width: 900px) 100vw, 900px\" \/><\/figure>\n\n\n\n<figure class=\"wp-block-image size-large\"><img loading=\"lazy\" decoding=\"async\" width=\"900\" height=\"900\" data-id=\"1171\" src=\"https:\/\/www.adlerkompressoren.at\/wp-content\/uploads\/2023\/04\/ref3.jpg\" alt=\"\" class=\"wp-image-1171\" srcset=\"https:\/\/www.adlerkompressoren.at\/wp-content\/uploads\/2023\/04\/ref3.jpg 900w, https:\/\/www.adlerkompressoren.at\/wp-content\/uploads\/2023\/04\/ref3-300x300.jpg 300w, https:\/\/www.adlerkompressoren.at\/wp-content\/uploads\/2023\/04\/ref3-150x150.jpg 150w, https:\/\/www.adlerkompressoren.at\/wp-content\/uploads\/2023\/04\/ref3-768x768.jpg 768w, https:\/\/www.adlerkompressoren.at\/wp-content\/uploads\/2023\/04\/ref3-310x310.jpg 310w, https:\/\/www.adlerkompressoren.at\/wp-content\/uploads\/2023\/04\/ref3-105x105.jpg 105w\" sizes=\"auto, (max-width: 900px) 100vw, 900px\" \/><\/figure>\n<\/figure>\n<\/div>\n\n\n\n<div class=\"wp-block-column is-layout-flow wp-block-column-is-layout-flow\" style=\"padding-left:var(--wp--preset--spacing--40)\">\n<h2 class=\"wp-block-heading\">Referenzen<\/h2>\n\n\n\n<p>Hier finden Sie einen Auszug aus unseren Referenzen. Ob es um eine schnelle Reparatur geht oder um eine Neuinstallation, wir haben die passende L\u00f6sung f\u00fcr Ihr Anliegen. Selbst wenn es nur um eine Dichtung geht ist uns die Kundenzufriedenheit das h\u00f6chste Anliegen.<\/p>\n\n\n\n<p>Unsere Techniker finden meist sehr schnell eine L\u00f6sung, damit ihr Betrieb weiterlaufen kann. Dabei versuchen wir  unseren Kunden immer einen sehr guten Preis zu erm\u00f6glichen.<\/p>\n\n\n\n<p>Unsere Kunden reichen von der Gro\u00dfindustrie \u00fcber mittelst\u00e4ndische Unternehmen bis hin zur privaten Werkst\u00e4tte. Aus Datenschutzgr\u00fcnden und Respekt unseren Kunden gegen\u00fcber wollen wir hier jedoch auf die Nennung verzichten. <\/p>\n<\/div>\n<\/div>\n<\/div>\n","protected":false},"excerpt":{"rendered":"<p>\u00dcber uns Die Firma ADLER Kompressoren GmbH wurde am 01.J\u00e4nner 2015 erfolgreich, als Technikunternehmen mit dem Schwerpunkt Kompressoren f\u00fcr Handwerk und Industrie,&nbsp;in Garsten gegr\u00fcndet. Durch die Erfahrung unserer Mitarbeiter, die bis zu 25 Jahre T\u00e4tigkeit in der Druckluftbranche mitbringen, z\u00e4hlen mittelst\u00e4ndische Unternehmen sowie gro\u00dfe internationale Konzerne zum Kundenkreis der ADLER Kompressoren GmbH. Die Adler Kompressoren [&hellip;]<\/p>\n","protected":false},"author":1,"featured_media":0,"parent":0,"menu_order":0,"comment_status":"closed","ping_status":"open","template":"","meta":{"site-sidebar-layout":"no-sidebar","site-content-layout":"plain-container","ast-site-content-layout":"normal-width-container","site-content-style":"unboxed","site-sidebar-style":"unboxed","ast-global-header-display":"","ast-banner-title-visibility":"","ast-main-header-display":"","ast-hfb-above-header-display":"","ast-hfb-below-header-display":"","ast-hfb-mobile-header-display":"","site-post-title":"disabled","ast-breadcrumbs-content":"","ast-featured-img":"","footer-sml-layout":"","ast-disable-related-posts":"","theme-transparent-header-meta":"enabled","adv-header-id-meta":"","stick-header-meta":"","header-above-stick-meta":"","header-main-stick-meta":"","header-below-stick-meta":"","astra-migrate-meta-layouts":"set","ast-page-background-enabled":"default","ast-page-background-meta":{"desktop":{"background-color":"var(--ast-global-color-4)","background-image":"","background-repeat":"repeat","background-position":"center center","background-size":"auto","background-attachment":"scroll","background-type":"","background-media":"","overlay-type":"","overlay-color":"","overlay-opacity":"","overlay-gradient":""},"tablet":{"background-color":"","background-image":"","background-repeat":"repeat","background-position":"center center","background-size":"auto","background-attachment":"scroll","background-type":"","background-media":"","overlay-type":"","overlay-color":"","overlay-opacity":"","overlay-gradient":""},"mobile":{"background-color":"","background-image":"","background-repeat":"repeat","background-position":"center center","background-size":"auto","background-attachment":"scroll","background-type":"","background-media":"","overlay-type":"","overlay-color":"","overlay-opacity":"","overlay-gradient":""}},"ast-content-background-meta":{"desktop":{"background-color":"var(--ast-global-color-5)","background-image":"","background-repeat":"repeat","background-position":"center center","background-size":"auto","background-attachment":"scroll","background-type":"","background-media":"","overlay-type":"","overlay-color":"","overlay-opacity":"","overlay-gradient":""},"tablet":{"background-color":"var(--ast-global-color-5)","background-image":"","background-repeat":"repeat","background-position":"center center","background-size":"auto","background-attachment":"scroll","background-type":"","background-media":"","overlay-type":"","overlay-color":"","overlay-opacity":"","overlay-gradient":""},"mobile":{"background-color":"var(--ast-global-color-5)","background-image":"","background-repeat":"repeat","background-position":"center center","background-size":"auto","background-attachment":"scroll","background-type":"","background-media":"","overlay-type":"","overlay-color":"","overlay-opacity":"","overlay-gradient":""}},"footnotes":""},"class_list":["post-27","page","type-page","status-publish","hentry"],"yoast_head":"<!-- This site is optimized with the Yoast SEO plugin v27.5 - https:\/\/yoast.com\/product\/yoast-seo-wordpress\/ -->\n<title>Unternehmen - Adler Kompressoren<\/title>\n<meta name=\"description\" content=\"Adler Kompressoren GmbH ist Ihr Partner f\u00fcr Kompressoren und Drucklufttechnik. Erfahrung, Beratung und ma\u00dfgeschneiderte L\u00f6sungen f\u00fcr Industrie und Gewerbe.\" \/>\n<meta name=\"robots\" content=\"index, follow, max-snippet:-1, max-image-preview:large, max-video-preview:-1\" \/>\n<link rel=\"canonical\" href=\"https:\/\/www.adlerkompressoren.at\/?page_id=27\" \/>\n<meta property=\"og:locale\" content=\"de_DE\" \/>\n<meta property=\"og:type\" content=\"article\" \/>\n<meta property=\"og:title\" content=\"Unternehmen - Adler Kompressoren\" \/>\n<meta property=\"og:description\" content=\"Adler Kompressoren GmbH ist Ihr Partner f\u00fcr Kompressoren und Drucklufttechnik. Erfahrung, Beratung und ma\u00dfgeschneiderte L\u00f6sungen f\u00fcr Industrie und Gewerbe.\" \/>\n<meta property=\"og:url\" content=\"https:\/\/www.adlerkompressoren.at\/?page_id=27\" \/>\n<meta property=\"og:site_name\" content=\"Adler Kompressoren\" \/>\n<meta property=\"article:publisher\" content=\"https:\/\/www.facebook.com\/p\/Adler-Kompressoren-GmbH-100054344568440\/\" \/>\n<meta property=\"article:modified_time\" content=\"2026-04-28T07:34:49+00:00\" \/>\n<meta property=\"og:image\" content=\"https:\/\/www.adlerkompressoren.at\/wp-content\/uploads\/2023\/04\/unternehmen8.jpg\" \/>\n\t<meta property=\"og:image:width\" content=\"2560\" \/>\n\t<meta property=\"og:image:height\" content=\"1050\" \/>\n\t<meta property=\"og:image:type\" content=\"image\/jpeg\" \/>\n<meta name=\"twitter:card\" content=\"summary_large_image\" \/>\n<meta name=\"twitter:label1\" content=\"Gesch\u00e4tzte Lesezeit\" \/>\n\t<meta name=\"twitter:data1\" content=\"3\u00a0Minuten\" \/>\n<script type=\"application\/ld+json\" class=\"yoast-schema-graph\">{\"@context\":\"https:\\\/\\\/schema.org\",\"@graph\":[{\"@type\":\"WebPage\",\"@id\":\"https:\\\/\\\/www.adlerkompressoren.at\\\/?page_id=27\",\"url\":\"https:\\\/\\\/www.adlerkompressoren.at\\\/?page_id=27\",\"name\":\"Unternehmen - Adler Kompressoren\",\"isPartOf\":{\"@id\":\"https:\\\/\\\/www.adlerkompressoren.at\\\/#website\"},\"primaryImageOfPage\":{\"@id\":\"https:\\\/\\\/www.adlerkompressoren.at\\\/?page_id=27#primaryimage\"},\"image\":{\"@id\":\"https:\\\/\\\/www.adlerkompressoren.at\\\/?page_id=27#primaryimage\"},\"thumbnailUrl\":\"https:\\\/\\\/www.adlerkompressoren.at\\\/wp-content\\\/uploads\\\/2023\\\/04\\\/unternehmen8.jpg\",\"datePublished\":\"2023-02-27T07:12:30+00:00\",\"dateModified\":\"2026-04-28T07:34:49+00:00\",\"description\":\"Adler Kompressoren GmbH ist Ihr Partner f\u00fcr Kompressoren und Drucklufttechnik. Erfahrung, Beratung und ma\u00dfgeschneiderte L\u00f6sungen f\u00fcr Industrie und Gewerbe.\",\"breadcrumb\":{\"@id\":\"https:\\\/\\\/www.adlerkompressoren.at\\\/?page_id=27#breadcrumb\"},\"inLanguage\":\"de\",\"potentialAction\":[{\"@type\":\"ReadAction\",\"target\":[\"https:\\\/\\\/www.adlerkompressoren.at\\\/?page_id=27\"]}]},{\"@type\":\"ImageObject\",\"inLanguage\":\"de\",\"@id\":\"https:\\\/\\\/www.adlerkompressoren.at\\\/?page_id=27#primaryimage\",\"url\":\"https:\\\/\\\/www.adlerkompressoren.at\\\/wp-content\\\/uploads\\\/2023\\\/04\\\/unternehmen8.jpg\",\"contentUrl\":\"https:\\\/\\\/www.adlerkompressoren.at\\\/wp-content\\\/uploads\\\/2023\\\/04\\\/unternehmen8.jpg\",\"width\":2560,\"height\":1050},{\"@type\":\"BreadcrumbList\",\"@id\":\"https:\\\/\\\/www.adlerkompressoren.at\\\/?page_id=27#breadcrumb\",\"itemListElement\":[{\"@type\":\"ListItem\",\"position\":1,\"name\":\"Start\",\"item\":\"https:\\\/\\\/www.adlerkompressoren.at\\\/\"},{\"@type\":\"ListItem\",\"position\":2,\"name\":\"Unternehmen\"}]},{\"@type\":\"WebSite\",\"@id\":\"https:\\\/\\\/www.adlerkompressoren.at\\\/#website\",\"url\":\"https:\\\/\\\/www.adlerkompressoren.at\\\/\",\"name\":\"Adler Kompressoren\",\"description\":\"\",\"publisher\":{\"@id\":\"https:\\\/\\\/www.adlerkompressoren.at\\\/#organization\"},\"potentialAction\":[{\"@type\":\"SearchAction\",\"target\":{\"@type\":\"EntryPoint\",\"urlTemplate\":\"https:\\\/\\\/www.adlerkompressoren.at\\\/?s={search_term_string}\"},\"query-input\":{\"@type\":\"PropertyValueSpecification\",\"valueRequired\":true,\"valueName\":\"search_term_string\"}}],\"inLanguage\":\"de\"},{\"@type\":\"Organization\",\"@id\":\"https:\\\/\\\/www.adlerkompressoren.at\\\/#organization\",\"name\":\"Adler Kompressoren\",\"url\":\"https:\\\/\\\/www.adlerkompressoren.at\\\/\",\"logo\":{\"@type\":\"ImageObject\",\"inLanguage\":\"de\",\"@id\":\"https:\\\/\\\/www.adlerkompressoren.at\\\/#\\\/schema\\\/logo\\\/image\\\/\",\"url\":\"https:\\\/\\\/www.adlerkompressoren.at\\\/wp-content\\\/uploads\\\/2023\\\/03\\\/logo_single_shadow.png\",\"contentUrl\":\"https:\\\/\\\/www.adlerkompressoren.at\\\/wp-content\\\/uploads\\\/2023\\\/03\\\/logo_single_shadow.png\",\"width\":359,\"height\":198,\"caption\":\"Adler Kompressoren\"},\"image\":{\"@id\":\"https:\\\/\\\/www.adlerkompressoren.at\\\/#\\\/schema\\\/logo\\\/image\\\/\"},\"sameAs\":[\"https:\\\/\\\/www.facebook.com\\\/p\\\/Adler-Kompressoren-GmbH-100054344568440\\\/\"]}]}<\/script>\n<!-- \/ Yoast SEO plugin. -->","yoast_head_json":{"title":"Unternehmen - Adler Kompressoren","description":"Adler Kompressoren GmbH ist Ihr Partner f\u00fcr Kompressoren und Drucklufttechnik. Erfahrung, Beratung und ma\u00dfgeschneiderte L\u00f6sungen f\u00fcr Industrie und Gewerbe.","robots":{"index":"index","follow":"follow","max-snippet":"max-snippet:-1","max-image-preview":"max-image-preview:large","max-video-preview":"max-video-preview:-1"},"canonical":"https:\/\/www.adlerkompressoren.at\/?page_id=27","og_locale":"de_DE","og_type":"article","og_title":"Unternehmen - Adler Kompressoren","og_description":"Adler Kompressoren GmbH ist Ihr Partner f\u00fcr Kompressoren und Drucklufttechnik. Erfahrung, Beratung und ma\u00dfgeschneiderte L\u00f6sungen f\u00fcr Industrie und Gewerbe.","og_url":"https:\/\/www.adlerkompressoren.at\/?page_id=27","og_site_name":"Adler Kompressoren","article_publisher":"https:\/\/www.facebook.com\/p\/Adler-Kompressoren-GmbH-100054344568440\/","article_modified_time":"2026-04-28T07:34:49+00:00","og_image":[{"width":2560,"height":1050,"url":"https:\/\/www.adlerkompressoren.at\/wp-content\/uploads\/2023\/04\/unternehmen8.jpg","type":"image\/jpeg"}],"twitter_card":"summary_large_image","twitter_misc":{"Gesch\u00e4tzte Lesezeit":"3\u00a0Minuten"},"schema":{"@context":"https:\/\/schema.org","@graph":[{"@type":"WebPage","@id":"https:\/\/www.adlerkompressoren.at\/?page_id=27","url":"https:\/\/www.adlerkompressoren.at\/?page_id=27","name":"Unternehmen - Adler Kompressoren","isPartOf":{"@id":"https:\/\/www.adlerkompressoren.at\/#website"},"primaryImageOfPage":{"@id":"https:\/\/www.adlerkompressoren.at\/?page_id=27#primaryimage"},"image":{"@id":"https:\/\/www.adlerkompressoren.at\/?page_id=27#primaryimage"},"thumbnailUrl":"https:\/\/www.adlerkompressoren.at\/wp-content\/uploads\/2023\/04\/unternehmen8.jpg","datePublished":"2023-02-27T07:12:30+00:00","dateModified":"2026-04-28T07:34:49+00:00","description":"Adler Kompressoren GmbH ist Ihr Partner f\u00fcr Kompressoren und Drucklufttechnik. Erfahrung, Beratung und ma\u00dfgeschneiderte L\u00f6sungen f\u00fcr Industrie und Gewerbe.","breadcrumb":{"@id":"https:\/\/www.adlerkompressoren.at\/?page_id=27#breadcrumb"},"inLanguage":"de","potentialAction":[{"@type":"ReadAction","target":["https:\/\/www.adlerkompressoren.at\/?page_id=27"]}]},{"@type":"ImageObject","inLanguage":"de","@id":"https:\/\/www.adlerkompressoren.at\/?page_id=27#primaryimage","url":"https:\/\/www.adlerkompressoren.at\/wp-content\/uploads\/2023\/04\/unternehmen8.jpg","contentUrl":"https:\/\/www.adlerkompressoren.at\/wp-content\/uploads\/2023\/04\/unternehmen8.jpg","width":2560,"height":1050},{"@type":"BreadcrumbList","@id":"https:\/\/www.adlerkompressoren.at\/?page_id=27#breadcrumb","itemListElement":[{"@type":"ListItem","position":1,"name":"Start","item":"https:\/\/www.adlerkompressoren.at\/"},{"@type":"ListItem","position":2,"name":"Unternehmen"}]},{"@type":"WebSite","@id":"https:\/\/www.adlerkompressoren.at\/#website","url":"https:\/\/www.adlerkompressoren.at\/","name":"Adler Kompressoren","description":"","publisher":{"@id":"https:\/\/www.adlerkompressoren.at\/#organization"},"potentialAction":[{"@type":"SearchAction","target":{"@type":"EntryPoint","urlTemplate":"https:\/\/www.adlerkompressoren.at\/?s={search_term_string}"},"query-input":{"@type":"PropertyValueSpecification","valueRequired":true,"valueName":"search_term_string"}}],"inLanguage":"de"},{"@type":"Organization","@id":"https:\/\/www.adlerkompressoren.at\/#organization","name":"Adler Kompressoren","url":"https:\/\/www.adlerkompressoren.at\/","logo":{"@type":"ImageObject","inLanguage":"de","@id":"https:\/\/www.adlerkompressoren.at\/#\/schema\/logo\/image\/","url":"https:\/\/www.adlerkompressoren.at\/wp-content\/uploads\/2023\/03\/logo_single_shadow.png","contentUrl":"https:\/\/www.adlerkompressoren.at\/wp-content\/uploads\/2023\/03\/logo_single_shadow.png","width":359,"height":198,"caption":"Adler Kompressoren"},"image":{"@id":"https:\/\/www.adlerkompressoren.at\/#\/schema\/logo\/image\/"},"sameAs":["https:\/\/www.facebook.com\/p\/Adler-Kompressoren-GmbH-100054344568440\/"]}]}},"_links":{"self":[{"href":"https:\/\/www.adlerkompressoren.at\/index.php?rest_route=\/wp\/v2\/pages\/27","targetHints":{"allow":["GET"]}}],"collection":[{"href":"https:\/\/www.adlerkompressoren.at\/index.php?rest_route=\/wp\/v2\/pages"}],"about":[{"href":"https:\/\/www.adlerkompressoren.at\/index.php?rest_route=\/wp\/v2\/types\/page"}],"author":[{"embeddable":true,"href":"https:\/\/www.adlerkompressoren.at\/index.php?rest_route=\/wp\/v2\/users\/1"}],"replies":[{"embeddable":true,"href":"https:\/\/www.adlerkompressoren.at\/index.php?rest_route=%2Fwp%2Fv2%2Fcomments&post=27"}],"version-history":[{"count":51,"href":"https:\/\/www.adlerkompressoren.at\/index.php?rest_route=\/wp\/v2\/pages\/27\/revisions"}],"predecessor-version":[{"id":25951,"href":"https:\/\/www.adlerkompressoren.at\/index.php?rest_route=\/wp\/v2\/pages\/27\/revisions\/25951"}],"wp:attachment":[{"href":"https:\/\/www.adlerkompressoren.at\/index.php?rest_route=%2Fwp%2Fv2%2Fmedia&parent=27"}],"curies":[{"name":"wp","href":"https:\/\/api.w.org\/{rel}","templated":true}]}}